{"id":408,"date":"2015-01-17T00:03:32","date_gmt":"2015-01-16T23:03:32","guid":{"rendered":"http:\/\/charlie-photography.com\/?page_id=408"},"modified":"2025-04-15T10:50:19","modified_gmt":"2025-04-15T09:50:19","slug":"about","status":"publish","type":"page","link":"http:\/\/charlie-photography.com\/?page_id=408","title":{"rendered":"Pr\u00e9sentation"},"content":{"rendered":"\n<figure class=\"wp-block-image aligncenter size-large is-resized\"><a href=\"http:\/\/charlie-photography.com\/wp-content\/uploads\/2025\/04\/profil.jpg\"><img fetchpriority=\"high\" decoding=\"async\" width=\"1024\" height=\"1024\" src=\"http:\/\/charlie-photography.com\/wp-content\/uploads\/2025\/04\/profil-1024x1024.jpg\" alt=\"\" class=\"wp-image-6989\" style=\"width:556px;height:auto\" srcset=\"http:\/\/charlie-photography.com\/wp-content\/uploads\/2025\/04\/profil-1024x1024.jpg 1024w, http:\/\/charlie-photography.com\/wp-content\/uploads\/2025\/04\/profil-300x300.jpg 300w, http:\/\/charlie-photography.com\/wp-content\/uploads\/2025\/04\/profil-150x150.jpg 150w, http:\/\/charlie-photography.com\/wp-content\/uploads\/2025\/04\/profil.jpg 1080w\" sizes=\"(max-width: 1024px) 100vw, 1024px\" \/><\/a><\/figure>\n\n\n<p style=\"text-align: left;\">Install\u00e9 \u00e0 Ombl\u00e8ze, dans le Vercors, je pratique a la photographie depuis 2010. De par mes autres activit\u00e9s professionnelles, grimpeur d&rsquo;arbre et technicien cordiste, je suis sp\u00e9cialis\u00e9 dans la prise de vue en milieu vertical !<\/p>\n<p>Je suis donc qualifi\u00e9 pour toute mission n\u00e9cessitant de la prise de vue en hauteur ou en milieu difficile, y compris en drone.<\/p>\n<p>C&rsquo;est avec plaisir que j&rsquo;utilise ce m\u00e9dia pour partager ma vision et mon t\u00e9moignage de ces lieux et rencontres improbables du temps et de la lumi\u00e8re. Attir\u00e9 par les paysages sauvages, c&rsquo;est dans la nature que je me consacre avec le plus de plaisir \u00e0 la photographie. Mes pratiques sportives en montagne et bien s\u00fbr les voyages me permettent de rechercher des perspectives.<\/p>\n<\/p>\n\n\n<figure class=\"wp-block-image size-large\"><a href=\"http:\/\/charlie-photography.com\/wp-content\/uploads\/2025\/04\/colombie-1.jpeg\"><img decoding=\"async\" width=\"1024\" height=\"768\" src=\"http:\/\/charlie-photography.com\/wp-content\/uploads\/2025\/04\/colombie-1-1024x768.jpeg\" alt=\"\" class=\"wp-image-7026\" srcset=\"http:\/\/charlie-photography.com\/wp-content\/uploads\/2025\/04\/colombie-1-1024x768.jpeg 1024w, http:\/\/charlie-photography.com\/wp-content\/uploads\/2025\/04\/colombie-1-300x225.jpeg 300w, http:\/\/charlie-photography.com\/wp-content\/uploads\/2025\/04\/colombie-1.jpeg 1600w\" sizes=\"(max-width: 1024px) 100vw, 1024px\" \/><\/a><\/figure>\n\n\n\n<figure class=\"wp-block-gallery has-nested-images columns-default is-cropped wp-block-gallery-1 is-layout-flex wp-block-gallery-is-layout-flex\">\n<figure class=\"wp-block-image size-large\"><a href=\"http:\/\/charlie-photography.com\/wp-content\/uploads\/2025\/04\/Le-Monde-26-mars-2025-Life-On-Trees-1.jpg\"><img decoding=\"async\" width=\"1024\" height=\"897\" data-id=\"7027\" src=\"http:\/\/charlie-photography.com\/wp-content\/uploads\/2025\/04\/Le-Monde-26-mars-2025-Life-On-Trees-1-1024x897.jpg\" alt=\"\" class=\"wp-image-7027\" srcset=\"http:\/\/charlie-photography.com\/wp-content\/uploads\/2025\/04\/Le-Monde-26-mars-2025-Life-On-Trees-1-1024x897.jpg 1024w, http:\/\/charlie-photography.com\/wp-content\/uploads\/2025\/04\/Le-Monde-26-mars-2025-Life-On-Trees-1-300x263.jpg 300w, http:\/\/charlie-photography.com\/wp-content\/uploads\/2025\/04\/Le-Monde-26-mars-2025-Life-On-Trees-1-2000x1753.jpg 2000w\" sizes=\"(max-width: 1024px) 100vw, 1024px\" \/><\/a><\/figure>\n<\/figure>\n","protected":false},"excerpt":{"rendered":"<p>Install\u00e9 \u00e0 Ombl\u00e8ze, dans le Vercors, je pratique a la photographie depuis 2010. De par mes autres activit\u00e9s professionnelles, grimpeur d&rsquo;arbre et technicien cordiste, je suis sp\u00e9cialis\u00e9 dans la prise de vue en milieu vertical ! Je suis donc qualifi\u00e9 pour toute mission n\u00e9cessitant de la prise de vue en hauteur ou en milieu difficile, &hellip; <\/p>\n<p class=\"link-more\"><a href=\"http:\/\/charlie-photography.com\/?page_id=408\" class=\"more-link\">Lire la suite de<span class=\"screen-reader-text\">\u00ab\u00a0Pr\u00e9sentation\u00a0\u00bb<\/span><\/a><\/p>\n","protected":false},"author":1,"featured_media":0,"parent":0,"menu_order":0,"comment_status":"closed","ping_status":"open","template":"","meta":{"two_page_speed":[],"footnotes":""},"class_list":["post-408","page","type-page","status-publish","hentry"],"featured_media_urls":[],"_links":{"self":[{"href":"http:\/\/charlie-photography.com\/index.php?rest_route=\/wp\/v2\/pages\/408","targetHints":{"allow":["GET"]}}],"collection":[{"href":"http:\/\/charlie-photography.com\/index.php?rest_route=\/wp\/v2\/pages"}],"about":[{"href":"http:\/\/charlie-photography.com\/index.php?rest_route=\/wp\/v2\/types\/page"}],"author":[{"embeddable":true,"href":"http:\/\/charlie-photography.com\/index.php?rest_route=\/wp\/v2\/users\/1"}],"replies":[{"embeddable":true,"href":"http:\/\/charlie-photography.com\/index.php?rest_route=%2Fwp%2Fv2%2Fcomments&post=408"}],"version-history":[{"count":18,"href":"http:\/\/charlie-photography.com\/index.php?rest_route=\/wp\/v2\/pages\/408\/revisions"}],"predecessor-version":[{"id":7028,"href":"http:\/\/charlie-photography.com\/index.php?rest_route=\/wp\/v2\/pages\/408\/revisions\/7028"}],"wp:attachment":[{"href":"http:\/\/charlie-photography.com\/index.php?rest_route=%2Fwp%2Fv2%2Fmedia&parent=408"}],"curies":[{"name":"wp","href":"https:\/\/api.w.org\/{rel}","templated":true}]}}