{"id":6922,"date":"2023-11-19T10:39:22","date_gmt":"2023-11-19T10:39:22","guid":{"rendered":"https:\/\/demo.wpzoom.com\/inspiro-lite-blocks-xml\/?page_id=6922"},"modified":"2026-01-09T20:34:59","modified_gmt":"2026-01-09T19:34:59","slug":"homepage","status":"publish","type":"page","link":"http:\/\/charlie-photography.com\/","title":{"rendered":"Accueil"},"content":{"rendered":"\n<div class=\"wp-block-cover alignfull\" style=\"min-height:100vh;aspect-ratio:unset;\"><span aria-hidden=\"true\" class=\"wp-block-cover__background has-background-dim-30 has-background-dim\" style=\"background-color:#73767e\"><\/span><img fetchpriority=\"high\" decoding=\"async\" width=\"2000\" height=\"1125\" class=\"wp-block-cover__image-background wp-image-882\" alt=\"\" src=\"http:\/\/charlie-photography.com\/wp-content\/uploads\/2025\/04\/gorgeAutomne.jpg\" data-object-fit=\"cover\" srcset=\"http:\/\/charlie-photography.com\/wp-content\/uploads\/2025\/04\/gorgeAutomne.jpg 2000w, http:\/\/charlie-photography.com\/wp-content\/uploads\/2025\/04\/gorgeAutomne-300x169.jpg 300w, http:\/\/charlie-photography.com\/wp-content\/uploads\/2025\/04\/gorgeAutomne-768x432.jpg 768w, http:\/\/charlie-photography.com\/wp-content\/uploads\/2025\/04\/gorgeAutomne-1024x576.jpg 1024w\" sizes=\"(max-width: 2000px) 100vw, 2000px\" \/><div class=\"wp-block-cover__inner-container has-global-padding is-layout-constrained wp-block-cover-is-layout-constrained\">\n<h6 class=\"wp-block-heading has-text-align-center has-white-color has-text-color has-max-72-font-size\"><strong>Photographie &amp; Vid\u00e9o<\/strong><\/h6>\n\n\n\n<hr class=\"wp-block-separator has-text-color has-alpha-channel-opacity has-background is-style-default\" style=\"margin-top:var(--wp--preset--spacing--x-small);margin-bottom:var(--wp--preset--spacing--x-small);background-color:#ffffff47;color:#ffffff47\"\/>\n\n\n\n<h2 class=\"wp-block-heading has-text-align-center\">Charlie Delhumeau<\/h2>\n\n\n\n<div class=\"wp-block-buttons is-content-justification-center is-layout-flex wp-container-core-buttons-is-layout-1 wp-block-buttons-is-layout-flex\">\n<div class=\"wp-block-button is-style-outline is-style-outline--1\" style=\"font-style:normal;font-weight:600\"><a class=\"wp-block-button__link has-white-color has-text-color wp-element-button\" href=\"https:\/\/www.facebook.com\/CharlieDelhumeauPhotography\" style=\"border-radius:0px\">Suivre sur Facebook<\/a><\/div>\n<\/div>\n<\/div><\/div>\n\n\n\n<div class=\"wp-block-group has-global-padding is-layout-constrained wp-container-core-group-is-layout-1 wp-block-group-is-layout-constrained\" style=\"padding-right:var(--wp--preset--spacing--small);padding-left:var(--wp--preset--spacing--small)\">\n<div style=\"height:36px\" aria-hidden=\"true\" class=\"wp-block-spacer\"><\/div>\n\n\n\n<h2 class=\"wp-block-heading has-text-align-center has-medium-font-size\" style=\"letter-spacing:1px\">VID\u00c9O &amp; PHOTO outdoor, \u00e9v\u00e8nementiel, tirages photos etc.<\/h2>\n<\/div>\n\n\n\n<div class=\"wp-block-group alignfull pattern_multiple_covers has-background-background-color has-background has-global-padding is-layout-constrained wp-block-group-is-layout-constrained\" id=\"services\">\n<div style=\"height:84px\" aria-hidden=\"true\" class=\"wp-block-spacer\"><\/div>\n\n\n\n<p class=\"has-text-align-left has-secondary-color has-text-color\" style=\"letter-spacing:1px\">Travaillons ensemble :<\/p>\n\n\n\n<p class=\"has-text-align-left\">Teaser pour votre compagnie, photographie \u00e9v\u00e8nementielle, tirage d&rsquo;art&#8230; Contactez moi et discutons-en !<\/p>\n\n\n\n<div class=\"wp-block-columns is-layout-flex wp-container-core-columns-is-layout-1 wp-block-columns-is-layout-flex\">\n<div class=\"wp-block-column is-layout-flow wp-block-column-is-layout-flow\" style=\"padding-top:0;padding-right:0;padding-bottom:0;padding-left:0\">\n<div class=\"wp-block-cover has-custom-content-position is-position-bottom-left\" style=\"padding-top:var(--wp--preset--spacing--small);padding-right:var(--wp--preset--spacing--x-small);padding-bottom:var(--wp--preset--spacing--small);padding-left:var(--wp--preset--spacing--x-small)\"><span aria-hidden=\"true\" class=\"wp-block-cover__background has-primary-background-color has-background-dim-70 has-background-dim\"><\/span><img decoding=\"async\" width=\"1280\" height=\"850\" class=\"wp-block-cover__image-background wp-image-833\" alt=\"\" src=\"http:\/\/charlie-photography.com\/wp-content\/uploads\/2015\/04\/charlotte-lac-brouffier.jpg\" data-object-fit=\"cover\" srcset=\"http:\/\/charlie-photography.com\/wp-content\/uploads\/2015\/04\/charlotte-lac-brouffier.jpg 1280w, http:\/\/charlie-photography.com\/wp-content\/uploads\/2015\/04\/charlotte-lac-brouffier-300x199.jpg 300w, http:\/\/charlie-photography.com\/wp-content\/uploads\/2015\/04\/charlotte-lac-brouffier-768x510.jpg 768w, http:\/\/charlie-photography.com\/wp-content\/uploads\/2015\/04\/charlotte-lac-brouffier-1024x680.jpg 1024w\" sizes=\"(max-width: 1280px) 100vw, 1280px\" \/><div class=\"wp-block-cover__inner-container is-layout-flow wp-block-cover-is-layout-flow\">\n<h3 class=\"wp-block-heading has-white-color has-text-color has-medium-font-size\" style=\"margin-top:0;margin-right:0;margin-bottom:0;margin-left:0\">Videos<br>Prises de vue \/ Montage<\/h3>\n\n\n\n<p class=\"has-secondary-color has-text-color has-link-color wp-elements-5d1aae79cb00ec6024dfe1be5362c6ca\" style=\"margin-top:0;margin-right:0;margin-bottom:0;margin-left:0\"><a href=\"http:\/\/charlie-photography.com\/?page_id=7006\" data-type=\"page\" data-id=\"7006\">Derni\u00e8res cr\u00e9ations \u2192<\/a><\/p>\n<\/div><\/div>\n<\/div>\n\n\n\n<div class=\"wp-block-column is-layout-flow wp-block-column-is-layout-flow\" style=\"padding-top:0;padding-right:0;padding-bottom:0;padding-left:0\">\n<div class=\"wp-block-cover has-custom-content-position is-position-bottom-left\" style=\"padding-top:var(--wp--preset--spacing--small);padding-right:var(--wp--preset--spacing--x-small);padding-bottom:var(--wp--preset--spacing--small);padding-left:var(--wp--preset--spacing--x-small)\"><span aria-hidden=\"true\" class=\"wp-block-cover__background has-primary-background-color has-background-dim-70 has-background-dim\"><\/span><img decoding=\"async\" width=\"1024\" height=\"683\" class=\"wp-block-cover__image-background wp-image-742\" alt=\"\" src=\"http:\/\/charlie-photography.com\/wp-content\/uploads\/2016\/09\/Montargis-4-sur-76.jpg\" data-object-fit=\"cover\" srcset=\"http:\/\/charlie-photography.com\/wp-content\/uploads\/2016\/09\/Montargis-4-sur-76.jpg 1024w, http:\/\/charlie-photography.com\/wp-content\/uploads\/2016\/09\/Montargis-4-sur-76-300x200.jpg 300w, http:\/\/charlie-photography.com\/wp-content\/uploads\/2016\/09\/Montargis-4-sur-76-768x512.jpg 768w\" sizes=\"(max-width: 1024px) 100vw, 1024px\" \/><div class=\"wp-block-cover__inner-container is-layout-flow wp-block-cover-is-layout-flow\">\n<h3 class=\"wp-block-heading has-white-color has-text-color has-medium-font-size\" style=\"margin-top:0;margin-right:0;margin-bottom:0;margin-left:0\">Prestations <br>photos<\/h3>\n\n\n\n<p class=\"has-secondary-color has-text-color has-link-color wp-elements-9691f0a90a38e8845f8d3e9ccf3c770b\" style=\"margin-top:0;margin-right:0;margin-bottom:0;margin-left:0\"><a href=\"#\">Explore more \u2192<\/a><\/p>\n<\/div><\/div>\n<\/div>\n\n\n\n<div class=\"wp-block-column is-layout-flow wp-block-column-is-layout-flow\" style=\"padding-top:0;padding-right:0;padding-bottom:0;padding-left:0\">\n<div class=\"wp-block-cover has-custom-content-position is-position-bottom-left\" style=\"padding-top:var(--wp--preset--spacing--small);padding-right:var(--wp--preset--spacing--x-small);padding-bottom:var(--wp--preset--spacing--small);padding-left:var(--wp--preset--spacing--x-small)\"><span aria-hidden=\"true\" class=\"wp-block-cover__background has-primary-background-color has-background-dim-70 has-background-dim\"><\/span><img loading=\"lazy\" decoding=\"async\" width=\"2000\" height=\"1443\" class=\"wp-block-cover__image-background wp-image-884\" alt=\"\" src=\"http:\/\/charlie-photography.com\/wp-content\/uploads\/2025\/04\/gorgePrintemps.jpg\" data-object-fit=\"cover\" srcset=\"http:\/\/charlie-photography.com\/wp-content\/uploads\/2025\/04\/gorgePrintemps.jpg 2000w, http:\/\/charlie-photography.com\/wp-content\/uploads\/2025\/04\/gorgePrintemps-300x216.jpg 300w, http:\/\/charlie-photography.com\/wp-content\/uploads\/2025\/04\/gorgePrintemps-768x554.jpg 768w, http:\/\/charlie-photography.com\/wp-content\/uploads\/2025\/04\/gorgePrintemps-1024x739.jpg 1024w\" sizes=\"(max-width: 2000px) 100vw, 2000px\" \/><div class=\"wp-block-cover__inner-container is-layout-flow wp-block-cover-is-layout-flow\">\n<h3 class=\"wp-block-heading has-white-color has-text-color has-medium-font-size\" style=\"margin-top:0;margin-right:0;margin-bottom:0;margin-left:0\">Video<br>A\u00e9rienne<\/h3>\n\n\n\n<p class=\"has-secondary-color has-text-color has-link-color wp-elements-efdd3360879ceecd0942fe8910483f9b\" style=\"margin-top:0;margin-right:0;margin-bottom:0;margin-left:0\"><a href=\"http:\/\/charlie-photography.com\/?page_id=6945\" data-type=\"page\" data-id=\"6945\">Drone<\/a><\/p>\n<\/div><\/div>\n<\/div>\n<\/div>\n\n\n\n<div style=\"height:103px\" aria-hidden=\"true\" class=\"wp-block-spacer\"><\/div>\n<\/div>\n\n\n\n<div class=\"wp-block-group alignfull has-global-padding is-layout-constrained wp-block-group-is-layout-constrained\">\n<div class=\"wp-block-group has-global-padding is-layout-constrained wp-block-group-is-layout-constrained\" style=\"padding-top:var(--wp--preset--spacing--small);padding-bottom:var(--wp--preset--spacing--small)\">\n<div style=\"height:30px\" aria-hidden=\"true\" class=\"wp-block-spacer\"><\/div>\n\n\n\n<div class=\"wp-block-columns is-layout-flex wp-container-core-columns-is-layout-2 wp-block-columns-is-layout-flex\">\n<div class=\"wp-block-column is-vertically-aligned-center is-layout-flow wp-block-column-is-layout-flow\">\n<p>Install\u00e9 dans le Vercors \u00e0 Ombl\u00e8ze je suis mobile pour vos projets !<\/p>\n\n\n\n<div class=\"wp-block-buttons is-horizontal is-content-justification-left is-layout-flex wp-container-core-buttons-is-layout-2 wp-block-buttons-is-layout-flex\">\n<div class=\"wp-block-button is-style-outline is-style-outline--2\" style=\"font-style:normal;font-weight:600\"><a class=\"wp-block-button__link wp-element-button\" href=\"http:\/\/charlie-photography.com\/?page_id=408\" style=\"border-radius:0px\">Pr\u00e9sentation<\/a><\/div>\n<\/div>\n<\/div>\n\n\n\n<div class=\"wp-block-column is-layout-flow wp-block-column-is-layout-flow\">\n<figure class=\"wp-block-gallery has-nested-images columns-default is-cropped wp-block-gallery-3 is-layout-flex wp-block-gallery-is-layout-flex\">\n<figure class=\"wp-block-image size-large\"><img loading=\"lazy\" decoding=\"async\" width=\"1024\" height=\"768\" src=\"http:\/\/charlie-photography.com\/wp-content\/uploads\/2025\/04\/chuteDruise-1024x768.jpg\" alt=\"\" class=\"wp-image-877\" srcset=\"http:\/\/charlie-photography.com\/wp-content\/uploads\/2025\/04\/chuteDruise-1024x768.jpg 1024w, http:\/\/charlie-photography.com\/wp-content\/uploads\/2025\/04\/chuteDruise-300x225.jpg 300w, http:\/\/charlie-photography.com\/wp-content\/uploads\/2025\/04\/chuteDruise-768x576.jpg 768w, http:\/\/charlie-photography.com\/wp-content\/uploads\/2025\/04\/chuteDruise.jpg 2000w\" sizes=\"(max-width: 1024px) 100vw, 1024px\" \/><\/figure>\n<\/figure>\n<\/div>\n<\/div>\n\n\n\n<div style=\"height:30px\" aria-hidden=\"true\" class=\"wp-block-spacer\"><\/div>\n<\/div>\n<\/div>\n\n\n\n<div class=\"wp-block-group alignfull has-background-background-color has-background has-global-padding is-layout-constrained wp-block-group-is-layout-constrained\"><\/div>\n\n\n\n<div class=\"wp-block-group alignfull portfolio-dark has-black-background-color has-background has-global-padding is-layout-constrained wp-block-group-is-layout-constrained\" id=\"portfolio\" style=\"margin-top:0px\">\n<div style=\"height:83px\" aria-hidden=\"true\" class=\"wp-block-spacer\"><\/div>\n\n\n\n<p class=\"has-text-align-left has-text-color\" style=\"color:#0bb4aa;letter-spacing:1px\">FROM THE PORTFOLIO<\/p>\n\n\n\n<h2 class=\"wp-block-heading has-text-align-left has-white-color has-text-color has-large-font-size\">Our Work<\/h2>\n\n\n<div class=\"wpzoom-blocks wpzoom-blocks_portfolio-block wpzoom-portfolio-block-69f68be9ec388 use-lightbox alignfull layout-grid columns-3 post_type-portfolio_item ajax-load-items wp-block-wpzoom-blocks-portfolio\" data-offset=\"6\" data-load-more='{\"categories\":[],\"class\":\"wpzoom-blocks_portfolio-block\",\"layout\":\"grid\",\"lightbox\":true,\"lightbox_caption\":false,\"order\":\"desc\",\"order_by\":\"menu_order date\",\"per_page\":6,\"read_more_label\":\"Read More\",\"show_author\":true,\"show_background_video\":true,\"show_date\":true,\"show_excerpt\":true,\"show_read_more\":true,\"show_thumbnail\":true,\"show_title\":false,\"source\":\"portfolio_item\",\"thumbnail_size\":\"portfolio_item-thumbnail\",\"total\":0}'><div class=\"wpzoom-blocks wpzoom-blocks_portfolio-block_filter\"><ul><\/ul><\/div><ul class=\"wpzoom-blocks wpzoom-blocks_portfolio-block_items-list\"><li class=\"wpzoom-blocks wpzoom-blocks_portfolio-block_no-portfolio-items\">No portfolio items.<\/li><li class=\"wpzoom-preloader-container\"><div class=\"wpzoom-portfolio-preloader\"><svg  width=\"75\" version=\"1.1\" id=\"L4\" xmlns=\"http:\/\/www.w3.org\/2000\/svg\" xmlns:xlink=\"http:\/\/www.w3.org\/1999\/xlink\" x=\"0px\" y=\"0px\" viewBox=\"0 0 100 100\" enable-background=\"new 0 0 0 0\" xml:space=\"preserve\">\n\t\t  <circle fill=\"#ffffff\" stroke=\"none\" cx=\"6\" cy=\"50\" r=\"6\"><animate attributeName=\"opacity\" dur=\"1s\" values=\"0;1;0\" repeatCount=\"indefinite\" begin=\"0.1\"\/><\/circle>\n\t\t  <circle fill=\"#ffffff\" stroke=\"none\" cx=\"26\" cy=\"50\" r=\"6\"><animate attributeName=\"opacity\" dur=\"1s\" values=\"0;1;0\" repeatCount=\"indefinite\" begin=\"0.2\"\/><\/circle>\n\t\t  <circle fill=\"#ffffff\" stroke=\"none\" cx=\"46\" cy=\"50\" r=\"6\"><animate attributeName=\"opacity\" dur=\"1s\" values=\"0;1;0\" repeatCount=\"indefinite\" begin=\"0.3\"\/><\/circle>\n\t\t<\/svg><\/div><\/li><\/ul><\/div><!--.wpzoom-blocks wpzoom-blocks_portfolio-block--><style>.wpzoom-blocks_portfolio-block.wpzoom-portfolio-block-69f68be9ec388 {}.wpzoom-blocks_portfolio-block.wpzoom-portfolio-block-69f68be9ec388 { color:#000}.wpzoom-blocks_portfolio-block.wpzoom-portfolio-block-69f68be9ec388 .wpzoom-blocks_portfolio-block_filter ul li a,\n\t\t\t.wpzoom-blocks_portfolio-block.wpzoom-portfolio-block-69f68be9ec388.layout-list .wpzoom-blocks_portfolio-block_items-list .wpzoom-blocks_portfolio-block_item .wpzoom-blocks_portfolio-block_item-title a {\n\t\t\t\tcolor:#ffffff;\n\t\t\t}.wpzoom-blocks_portfolio-block.wpzoom-portfolio-block-69f68be9ec388 .wpzoom-blocks_portfolio-block_filter ul li a:hover,\n\t\t\t\t.wpzoom-blocks_portfolio-block.wpzoom-portfolio-block-69f68be9ec388 .wpzoom-blocks_portfolio-block_filter ul li.current-cat a:hover,\n\t\t\t\t.wpzoom-blocks_portfolio-.wpzoom-portfolio-block-69f68be9ec388.layout-list .wpzoom-blocks_portfolio-block_items-list .wpzoom-blocks_portfolio-block_item .wpzoom-blocks_portfolio-block_item-title a:hover {\n\t\t\t\t\tcolor:#0BB4AA;\n\t\t\t\t}.wpzoom-blocks_portfolio-block.wpzoom-portfolio-block-69f68be9ec388 .wpzoom-blocks_portfolio-block_filter ul li.current-cat a { color:#0BB4AA; }.wpzoom-blocks_portfolio-block.wpzoom-portfolio-block-69f68be9ec388 .wpzoom-blocks_portfolio-block_filter ul li a {font-weight: 400 !important;letter-spacing: 1px;}.wpzoom-blocks_portfolio-block.wpzoom-portfolio-block-69f68be9ec388 .wpzoom-blocks_portfolio-block_item-details .wpzoom-blocks_portfolio-block_item-title a {line-height: 1.2;font-weight: 500 !important;letter-spacing: 1px;}.wpzoom-blocks_portfolio-block.wpzoom-portfolio-block-69f68be9ec388 .wpz-portfolio-button__link {background: #000 !important;letter-spacing: 1px;border-style:solid;border-width:2px;border-color:#a8a8a8;}.wpzoom-blocks_portfolio-block.wpzoom-portfolio-block-69f68be9ec388 .wpz-portfolio-button__link:hover,\n                        .wpzoom-blocks_portfolio-block.wpzoom-portfolio-block-69f68be9ec388 .wpz-portfolio-button__link:focus,\n                        .wpzoom-blocks_portfolio-block.wpzoom-portfolio-block-69f68be9ec388 .wpz-portfolio-button__link:active { color:#ffffff !important;background:#0bb4aa !important;border-color:#0bb4aa;}<\/style>\n\n\n<div style=\"height:50px\" aria-hidden=\"true\" class=\"wp-block-spacer\"><\/div>\n<\/div>\n\n\n\n<div id=\"team\" class=\"wp-block-group has-global-padding is-layout-constrained wp-container-core-group-is-layout-8 wp-block-group-is-layout-constrained\" style=\"padding-right:var(--wp--preset--spacing--small);padding-left:var(--wp--preset--spacing--small)\">\n<div class=\"wp-block-group is-layout-flow wp-block-group-is-layout-flow\">\n<div style=\"height:63px\" aria-hidden=\"true\" class=\"wp-block-spacer\"><\/div>\n<\/div>\n<\/div>\n\n\n\n<div class=\"wp-block-cover alignfull has-parallax is-position-center-center\" style=\"border-radius:0px\"><span aria-hidden=\"true\" class=\"wp-block-cover__background has-black-background-color has-background-dim-40 has-background-dim\"><\/span><div class=\"wp-block-cover__image-background wp-image-24 has-parallax\" style=\"background-position:50% 50%;background-image:url(https:\/\/demo.wpzoom.com\/inspiro-lite-blocks-xml\/wp-content\/themes\/inspiro-lite\/assets\/images\/StockSnap_89BQZ89TLH.jpg)\"><\/div><div class=\"wp-block-cover__inner-container is-layout-flow wp-block-cover-is-layout-flow\">\n<div class=\"wp-block-group has-global-padding is-layout-constrained wp-block-group-is-layout-constrained\">\n<h3 class=\"wp-block-heading has-text-align-center has-text-color has-medium-font-size\" style=\"color:#fffffa;text-transform:uppercase\">TIRAGE d&rsquo;ART<\/h3>\n\n\n\n<div style=\"height:32px\" aria-hidden=\"true\" class=\"wp-block-spacer\"><\/div>\n\n\n\n<p class=\"has-text-align-center has-white-color has-text-color\">Envie d&rsquo;inviter une photo dans votre espace&#8230; des tirages de haute qualit\u00e9, avec des dimensions ajustables !<\/p>\n\n\n\n<div style=\"height:31px\" aria-hidden=\"true\" class=\"wp-block-spacer\"><\/div>\n\n\n\n<div class=\"wp-block-buttons is-horizontal is-content-justification-center is-layout-flex wp-container-core-buttons-is-layout-3 wp-block-buttons-is-layout-flex\">\n<div class=\"wp-block-button is-style-outline is-style-outline--4\" style=\"font-style:normal;font-weight:600\"><a class=\"wp-block-button__link has-white-color has-text-color wp-element-button\" href=\"#\" style=\"border-radius:0px\">CONTACT US<\/a><\/div>\n<\/div>\n<\/div>\n<\/div><\/div>\n\n\n\n<p><\/p>\n","protected":false},"excerpt":{"rendered":"<p>VID\u00c9O &amp; PHOTO outdoor, \u00e9v\u00e8nementiel, tirages photos etc. Travaillons ensemble : Teaser pour votre compagnie, photographie \u00e9v\u00e8nementielle, tirage d&rsquo;art&#8230; Contactez moi et discutons-en ! Install\u00e9 dans le Vercors \u00e0 Ombl\u00e8ze je suis mobile pour vos projets ! FROM THE PORTFOLIO Our Work<\/p>\n","protected":false},"author":1,"featured_media":0,"parent":0,"menu_order":0,"comment_status":"closed","ping_status":"closed","template":"page-templates\/full-width-transparent.php","meta":{"two_page_speed":null,"footnotes":""},"class_list":["post-6922","page","type-page","status-publish","hentry"],"featured_media_urls":[],"_links":{"self":[{"href":"http:\/\/charlie-photography.com\/index.php?rest_route=\/wp\/v2\/pages\/6922","targetHints":{"allow":["GET"]}}],"collection":[{"href":"http:\/\/charlie-photography.com\/index.php?rest_route=\/wp\/v2\/pages"}],"about":[{"href":"http:\/\/charlie-photography.com\/index.php?rest_route=\/wp\/v2\/types\/page"}],"author":[{"embeddable":true,"href":"http:\/\/charlie-photography.com\/index.php?rest_route=\/wp\/v2\/users\/1"}],"replies":[{"embeddable":true,"href":"http:\/\/charlie-photography.com\/index.php?rest_route=%2Fwp%2Fv2%2Fcomments&post=6922"}],"version-history":[{"count":10,"href":"http:\/\/charlie-photography.com\/index.php?rest_route=\/wp\/v2\/pages\/6922\/revisions"}],"predecessor-version":[{"id":7023,"href":"http:\/\/charlie-photography.com\/index.php?rest_route=\/wp\/v2\/pages\/6922\/revisions\/7023"}],"wp:attachment":[{"href":"http:\/\/charlie-photography.com\/index.php?rest_route=%2Fwp%2Fv2%2Fmedia&parent=6922"}],"curies":[{"name":"wp","href":"https:\/\/api.w.org\/{rel}","templated":true}]}}