{"id":6945,"date":"2025-04-14T08:42:50","date_gmt":"2025-04-14T07:42:50","guid":{"rendered":"http:\/\/charlie-photography.com\/?page_id=6945"},"modified":"2026-01-03T10:37:54","modified_gmt":"2026-01-03T09:37:54","slug":"drone","status":"publish","type":"page","link":"http:\/\/charlie-photography.com\/?page_id=6945","title":{"rendered":"Drone"},"content":{"rendered":"\n<p>De la hauteur, et sans corde , un nouveau moyen d&rsquo;explorer la verticalit\u00e9 ! <br>Je vous propose avec cette outil la r\u00e9alisation de <strong>teasers vid\u00e9o<\/strong> (en compl\u00e9ment de la cam\u00e9ra), photographie de paysage, images de <strong>suivi de chantier<\/strong>.<\/p>\n\n\n\n<p>J&rsquo;effectue des op\u00e9rations plus technique comme de la  photogramm\u00e9trie pour restitution 3D d&rsquo;un lieu, ou l&rsquo;orthophoto pour de la cartographie.<\/p>\n\n\n\n<p>La plupart de mes vols sont effectu\u00e9s sur le Dji Mini Pro 3, un drone de cat\u00e9gorie C-0 (249g) et donc le moins soumis aux restrictions, mais \u00e9galement tr\u00e8s facile a emmener en terrain difficile, et tr\u00e8s discret en terme de d\u00e9rangement sonore.<\/p>\n\n\n\n<p>T\u00e9l\u00e9pilote valid\u00e9 A1-A3 , peut op\u00e9rer en sc\u00e9nario S1. En cours de formation CATS (t\u00e9l\u00e9pilote pro valide au niveau europ\u00e9enne en 2026).<br><\/p>\n\n\n\n<figure class=\"wp-block-gallery has-nested-images columns-default is-cropped wp-block-gallery-1 is-layout-flex wp-block-gallery-is-layout-flex\">\n<figure class=\"wp-block-image size-large\"><a href=\"http:\/\/charlie-photography.com\/wp-content\/uploads\/2025\/04\/gorgePrintemps.jpg\"><img fetchpriority=\"high\" decoding=\"async\" width=\"1024\" height=\"739\" data-id=\"884\" src=\"http:\/\/charlie-photography.com\/wp-content\/uploads\/2025\/04\/gorgePrintemps-1024x739.jpg\" alt=\"\" class=\"wp-image-884\" srcset=\"http:\/\/charlie-photography.com\/wp-content\/uploads\/2025\/04\/gorgePrintemps-1024x739.jpg 1024w, http:\/\/charlie-photography.com\/wp-content\/uploads\/2025\/04\/gorgePrintemps-300x216.jpg 300w, http:\/\/charlie-photography.com\/wp-content\/uploads\/2025\/04\/gorgePrintemps-768x554.jpg 768w, http:\/\/charlie-photography.com\/wp-content\/uploads\/2025\/04\/gorgePrintemps.jpg 2000w\" sizes=\"(max-width: 1024px) 100vw, 1024px\" \/><\/a><\/figure>\n\n\n\n<figure class=\"wp-block-image size-large\"><a href=\"http:\/\/charlie-photography.com\/wp-content\/uploads\/2025\/04\/gorgeOmblezeRoute.jpg\"><img decoding=\"async\" width=\"508\" height=\"1024\" data-id=\"883\" src=\"http:\/\/charlie-photography.com\/wp-content\/uploads\/2025\/04\/gorgeOmblezeRoute-508x1024.jpg\" alt=\"\" class=\"wp-image-883\" srcset=\"http:\/\/charlie-photography.com\/wp-content\/uploads\/2025\/04\/gorgeOmblezeRoute-508x1024.jpg 508w, http:\/\/charlie-photography.com\/wp-content\/uploads\/2025\/04\/gorgeOmblezeRoute-149x300.jpg 149w, http:\/\/charlie-photography.com\/wp-content\/uploads\/2025\/04\/gorgeOmblezeRoute-768x1547.jpg 768w, http:\/\/charlie-photography.com\/wp-content\/uploads\/2025\/04\/gorgeOmblezeRoute.jpg 993w\" sizes=\"(max-width: 508px) 100vw, 508px\" \/><\/a><\/figure>\n\n\n\n<figure class=\"wp-block-image size-large\"><a href=\"http:\/\/charlie-photography.com\/wp-content\/uploads\/2025\/04\/FalaiseAnse.jpg\"><img decoding=\"async\" width=\"1024\" height=\"415\" data-id=\"881\" src=\"http:\/\/charlie-photography.com\/wp-content\/uploads\/2025\/04\/FalaiseAnse-1024x415.jpg\" alt=\"\" class=\"wp-image-881\" srcset=\"http:\/\/charlie-photography.com\/wp-content\/uploads\/2025\/04\/FalaiseAnse-1024x415.jpg 1024w, http:\/\/charlie-photography.com\/wp-content\/uploads\/2025\/04\/FalaiseAnse-300x122.jpg 300w, http:\/\/charlie-photography.com\/wp-content\/uploads\/2025\/04\/FalaiseAnse-768x311.jpg 768w, http:\/\/charlie-photography.com\/wp-content\/uploads\/2025\/04\/FalaiseAnse.jpg 2000w\" sizes=\"(max-width: 1024px) 100vw, 1024px\" \/><\/a><figcaption class=\"wp-element-caption\">default<\/figcaption><\/figure>\n\n\n\n<figure class=\"wp-block-image size-large\"><a href=\"http:\/\/charlie-photography.com\/wp-content\/uploads\/2025\/04\/auDessusGorgesAutomne.jpg\"><img loading=\"lazy\" decoding=\"async\" width=\"824\" height=\"1024\" data-id=\"876\" src=\"http:\/\/charlie-photography.com\/wp-content\/uploads\/2025\/04\/auDessusGorgesAutomne-824x1024.jpg\" alt=\"\" class=\"wp-image-876\" srcset=\"http:\/\/charlie-photography.com\/wp-content\/uploads\/2025\/04\/auDessusGorgesAutomne-824x1024.jpg 824w, http:\/\/charlie-photography.com\/wp-content\/uploads\/2025\/04\/auDessusGorgesAutomne-242x300.jpg 242w, http:\/\/charlie-photography.com\/wp-content\/uploads\/2025\/04\/auDessusGorgesAutomne-768x954.jpg 768w, http:\/\/charlie-photography.com\/wp-content\/uploads\/2025\/04\/auDessusGorgesAutomne.jpg 1610w\" sizes=\"(max-width: 824px) 100vw, 824px\" \/><\/a><\/figure>\n<\/figure>\n\n\n\n<p><\/p>\n","protected":false},"excerpt":{"rendered":"<p>De la hauteur, et sans corde , un nouveau moyen d&rsquo;explorer la verticalit\u00e9 ! Je vous propose avec cette outil la r\u00e9alisation de teasers vid\u00e9o (en compl\u00e9ment de la cam\u00e9ra), photographie de paysage, images de suivi de chantier. J&rsquo;effectue des op\u00e9rations plus technique comme de la photogramm\u00e9trie pour restitution 3D d&rsquo;un lieu, ou l&rsquo;orthophoto pour &hellip; <\/p>\n<p class=\"link-more\"><a href=\"http:\/\/charlie-photography.com\/?page_id=6945\" class=\"more-link\">Lire la suite de<span class=\"screen-reader-text\">\u00ab\u00a0Drone\u00a0\u00bb<\/span><\/a><\/p>\n","protected":false},"author":1,"featured_media":0,"parent":0,"menu_order":0,"comment_status":"closed","ping_status":"closed","template":"","meta":{"two_page_speed":[],"footnotes":""},"class_list":["post-6945","page","type-page","status-publish","hentry"],"featured_media_urls":[],"_links":{"self":[{"href":"http:\/\/charlie-photography.com\/index.php?rest_route=\/wp\/v2\/pages\/6945","targetHints":{"allow":["GET"]}}],"collection":[{"href":"http:\/\/charlie-photography.com\/index.php?rest_route=\/wp\/v2\/pages"}],"about":[{"href":"http:\/\/charlie-photography.com\/index.php?rest_route=\/wp\/v2\/types\/page"}],"author":[{"embeddable":true,"href":"http:\/\/charlie-photography.com\/index.php?rest_route=\/wp\/v2\/users\/1"}],"replies":[{"embeddable":true,"href":"http:\/\/charlie-photography.com\/index.php?rest_route=%2Fwp%2Fv2%2Fcomments&post=6945"}],"version-history":[{"count":6,"href":"http:\/\/charlie-photography.com\/index.php?rest_route=\/wp\/v2\/pages\/6945\/revisions"}],"predecessor-version":[{"id":7080,"href":"http:\/\/charlie-photography.com\/index.php?rest_route=\/wp\/v2\/pages\/6945\/revisions\/7080"}],"wp:attachment":[{"href":"http:\/\/charlie-photography.com\/index.php?rest_route=%2Fwp%2Fv2%2Fmedia&parent=6945"}],"curies":[{"name":"wp","href":"https:\/\/api.w.org\/{rel}","templated":true}]}}